{"id":135,"date":"2020-06-09T15:56:20","date_gmt":"2020-06-09T18:56:20","guid":{"rendered":"https:\/\/deniseandrade.com.br\/arquitetura\/?page_id=135"},"modified":"2020-06-15T13:07:30","modified_gmt":"2020-06-15T16:07:30","slug":"decoracao","status":"publish","type":"page","link":"https:\/\/deniseandrade.com.br\/arquitetura\/decoracao\/","title":{"rendered":"Decora\u00e7\u00e3o"},"content":{"rendered":"<p>Apaixonada por artesanato e costura, a arquiteta Denise Andrade, mantem atelier de cria\u00e7\u00e3o da arquiteta e artesanatos selecionados direcionado \u00e0 decora\u00e7\u00e3o de ambientes e tamb\u00e9m cria\u00e7\u00f5es de uso pessoal.<\/p>\n<a href=\"https:\/\/www.instagram.com\/atelierdeniseandrade\/\" class=\"su-button su-button-style-glass\" style=\"color:#FFFFFF;background-color:#174f8a;border-color:#13406f;border-radius:5px\" target=\"__blank\"><span style=\"color:#FFFFFF;padding:6px 16px;font-size:13px;line-height:20px;border-color:#5d84ae;border-radius:5px;text-shadow:none\"><i class=\"sui sui-instagram\" style=\"font-size:13px;color:#FFFFFF\"><\/i> Instagram Decora\u00e7\u00e3o<\/span><\/a>\n<p>&nbsp;<\/p>\n<div class=\"su-note\"  style=\"border-color:#dddddd;border-radius:3px;-moz-border-radius:3px;-webkit-border-radius:3px;\"><div class=\"su-note-inner su-u-clearfix su-u-trim\" style=\"background-color:#f7f7f7;border-color:#ffffff;color:#333333;border-radius:3px;-moz-border-radius:3px;-webkit-border-radius:3px;\">\n<p>Alem de <a href=\"https:\/\/deniseandrade.com.br\/arquitetura\/projeto-e-arquitetura\/\">projetos de arquitetura<\/a>, <a href=\"https:\/\/deniseandrade.com.br\/arquitetura\/iluminacao\/\">ilumina\u00e7\u00e3o<\/a>, <a href=\"https:\/\/deniseandrade.com.br\/arquitetura\/interiores\/\">interiores<\/a> e\u00a0<a href=\"https:\/\/deniseandrade.com.br\/arquitetura\/reforma-e-consultoria\/\">consultoria <\/a>, conhe\u00e7a as <a href=\"https:\/\/www.instagram.com\/atelierdeniseandrade\/\" target=\"_blank\" rel=\"noopener noreferrer\">cria\u00e7\u00f5es artesanais da arquiteta<\/a>, para valorizar e personalizar ainda mais sua casa ou empresa, com entrega via Sedex\u00ae para todo o pa\u00eds.\u00a0<a href=\"https:\/\/www.instagram.com\/atelierdeniseandrade\/\">Clique aqui e saiba mais<\/a> <\/div><\/div>\n<p><a href=\"https:\/\/deniseandrade.com.br\/arquitetura\/contato\/\"><img loading=\"lazy\" decoding=\"async\" class=\"alignnone wp-image-435 size-full\" src=\"https:\/\/deniseandrade.com.br\/arquitetura\/wp-content\/uploads\/2020\/06\/banner100.jpg\" alt=\"ARQUITETURA NO RIO DE JANEIRO, ARQUITETA DENISE ANDRADE\" width=\"800\" height=\"300\" srcset=\"https:\/\/deniseandrade.com.br\/arquitetura\/wp-content\/uploads\/2020\/06\/banner100.jpg 800w, https:\/\/deniseandrade.com.br\/arquitetura\/wp-content\/uploads\/2020\/06\/banner100-300x113.jpg 300w, https:\/\/deniseandrade.com.br\/arquitetura\/wp-content\/uploads\/2020\/06\/banner100-768x288.jpg 768w, https:\/\/deniseandrade.com.br\/arquitetura\/wp-content\/uploads\/2020\/06\/banner100-360x135.jpg 360w\" sizes=\"auto, (max-width: 800px) 100vw, 800px\" \/><\/a><\/p>\n","protected":false},"excerpt":{"rendered":"<p>Apaixonada por artesanato e costura, a arquiteta Denise Andrade, mantem atelier de cria\u00e7\u00e3o da arquiteta e artesanatos selecionados direcionado \u00e0 decora\u00e7\u00e3o de ambientes e tamb\u00e9m cria\u00e7\u00f5es de uso pessoal. &nbsp;<\/p>\n","protected":false},"author":1,"featured_media":0,"parent":0,"menu_order":0,"comment_status":"closed","ping_status":"closed","template":"","meta":{"footnotes":"","_links_to":"","_links_to_target":""},"class_list":["post-135","page","type-page","status-publish","hentry"],"_links":{"self":[{"href":"https:\/\/deniseandrade.com.br\/arquitetura\/wp-json\/wp\/v2\/pages\/135","targetHints":{"allow":["GET"]}}],"collection":[{"href":"https:\/\/deniseandrade.com.br\/arquitetura\/wp-json\/wp\/v2\/pages"}],"about":[{"href":"https:\/\/deniseandrade.com.br\/arquitetura\/wp-json\/wp\/v2\/types\/page"}],"author":[{"embeddable":true,"href":"https:\/\/deniseandrade.com.br\/arquitetura\/wp-json\/wp\/v2\/users\/1"}],"replies":[{"embeddable":true,"href":"https:\/\/deniseandrade.com.br\/arquitetura\/wp-json\/wp\/v2\/comments?post=135"}],"version-history":[{"count":19,"href":"https:\/\/deniseandrade.com.br\/arquitetura\/wp-json\/wp\/v2\/pages\/135\/revisions"}],"predecessor-version":[{"id":436,"href":"https:\/\/deniseandrade.com.br\/arquitetura\/wp-json\/wp\/v2\/pages\/135\/revisions\/436"}],"wp:attachment":[{"href":"https:\/\/deniseandrade.com.br\/arquitetura\/wp-json\/wp\/v2\/media?parent=135"}],"curies":[{"name":"wp","href":"https:\/\/api.w.org\/{rel}","templated":true}]}}